{"id":9,"date":"2016-03-24T14:34:33","date_gmt":"2016-03-24T13:34:33","guid":{"rendered":"https:\/\/www.proinvestment.at\/?page_id=9"},"modified":"2018-04-13T19:50:59","modified_gmt":"2018-04-13T17:50:59","slug":"referenzen","status":"publish","type":"page","link":"https:\/\/www.proinvestment.at\/?page_id=9","title":{"rendered":"Referenzen\/Auszeichnungen"},"content":{"rendered":"<ul>\n<li style=\"text-align: left;\">6-facher &#8222;Golden Wave&#8220; im Veranlagungssegment &#8222;Wertpapierfonds&#8220; als erfolgreichstes Unternehmen in \u00d6sterreich der CapitalInvest und Pioneer Investment und Bank Austria Finanzservice<\/li>\n<\/ul>\n<ul>\n<li>Au\u00dferordentlich gutes Ergebnis bei der Publikumswahl &#8211; Auszeichnung der WKO 2015<\/li>\n<\/ul>\n<ul>\n<li>Tr\u00e4ger G\u00fctesiegel der WKO seit 01\/2014 f\u00fcr Verm\u00f6gensberatungs- und Wertpapierstandesregeln<\/li>\n<\/ul>\n<ul>\n<li>&#8222;No.1 Award&#8220; der Bank Austria Finanzservice 2015<\/li>\n<\/ul>\n<ul>\n<li>Au\u00dferordentlich gutes Ergebnis bei der Publikumswahl &#8211; Auszeichnung der WKO 2016<\/li>\n<\/ul>\n<ul>\n<li style=\"text-align: left;\">Au\u00dferordentlich gutes Ergebnis bei der Publikumswahl &#8211; Auszeichnung der WKO 2017<\/li>\n<\/ul>\n<p>&nbsp;<\/p>\n","protected":false},"excerpt":{"rendered":"<p>6-facher &#8222;Golden Wave&#8220; im Veranlagungssegment &#8222;Wertpapierfonds&#8220; als erfolgreichstes Unternehmen in \u00d6sterreich der CapitalInvest und Pioneer Investment und Bank Austria Finanzservice Au\u00dferordentlich gutes Ergebnis bei der Publikumswahl &#8211; Auszeichnung der WKO 2015 Tr\u00e4ger G\u00fctesiegel der WKO seit 01\/2014 f\u00fcr Verm\u00f6gensberatungs- und Wertpapierstandesregeln &#8222;No.1 Award&#8220; der Bank Austria Finanzservice 2015 Au\u00dferordentlich gutes Ergebnis bei der Publikumswahl &#8211; [&hellip;]<\/p>\n","protected":false},"author":1,"featured_media":0,"parent":0,"menu_order":0,"comment_status":"closed","ping_status":"closed","template":"","meta":{"_acf_changed":false,"footnotes":""},"class_list":["post-9","page","type-page","status-publish","hentry"],"acf":[],"_links":{"self":[{"href":"https:\/\/www.proinvestment.at\/index.php?rest_route=\/wp\/v2\/pages\/9","targetHints":{"allow":["GET"]}}],"collection":[{"href":"https:\/\/www.proinvestment.at\/index.php?rest_route=\/wp\/v2\/pages"}],"about":[{"href":"https:\/\/www.proinvestment.at\/index.php?rest_route=\/wp\/v2\/types\/page"}],"author":[{"embeddable":true,"href":"https:\/\/www.proinvestment.at\/index.php?rest_route=\/wp\/v2\/users\/1"}],"replies":[{"embeddable":true,"href":"https:\/\/www.proinvestment.at\/index.php?rest_route=%2Fwp%2Fv2%2Fcomments&post=9"}],"version-history":[{"count":25,"href":"https:\/\/www.proinvestment.at\/index.php?rest_route=\/wp\/v2\/pages\/9\/revisions"}],"predecessor-version":[{"id":555,"href":"https:\/\/www.proinvestment.at\/index.php?rest_route=\/wp\/v2\/pages\/9\/revisions\/555"}],"wp:attachment":[{"href":"https:\/\/www.proinvestment.at\/index.php?rest_route=%2Fwp%2Fv2%2Fmedia&parent=9"}],"curies":[{"name":"wp","href":"https:\/\/api.w.org\/{rel}","templated":true}]}}