{"id":42,"date":"2016-04-04T20:38:44","date_gmt":"2016-04-04T18:38:44","guid":{"rendered":"https:\/\/www.proinvestment.at\/?page_id=42"},"modified":"2017-09-25T10:49:24","modified_gmt":"2017-09-25T08:49:24","slug":"kontakt","status":"publish","type":"page","link":"https:\/\/www.proinvestment.at\/?page_id=42","title":{"rendered":"Kontakt"},"content":{"rendered":"<p>ProInvestment Verm\u00f6genstreuhandgesmbH<br \/>\nRuckburg &#8211;\u00a0Allg\u00e4ustra\u00dfe 5<br \/>\n6912 H\u00f6rbranz<br \/>\nAustria<\/p>\n<p>Telefon: +43 (0)5573\/84777-0<br \/>\nFax: +43 (0)5573\/84777-77<br \/>\nE-Mail: <a href=\"mailto:office@www.proinvestment.at\">office@proinvestment.at<\/a><\/p>\n<p>&nbsp;<\/p>\n","protected":false},"excerpt":{"rendered":"<p>ProInvestment Verm\u00f6genstreuhandgesmbH Ruckburg &#8211;\u00a0Allg\u00e4ustra\u00dfe 5 6912 H\u00f6rbranz Austria Telefon: +43 (0)5573\/84777-0 Fax: +43 (0)5573\/84777-77 E-Mail: office@proinvestment.at &nbsp;<\/p>\n","protected":false},"author":1,"featured_media":0,"parent":0,"menu_order":0,"comment_status":"closed","ping_status":"closed","template":"","meta":{"_acf_changed":false,"footnotes":""},"class_list":["post-42","page","type-page","status-publish","hentry"],"acf":[],"_links":{"self":[{"href":"https:\/\/www.proinvestment.at\/index.php?rest_route=\/wp\/v2\/pages\/42","targetHints":{"allow":["GET"]}}],"collection":[{"href":"https:\/\/www.proinvestment.at\/index.php?rest_route=\/wp\/v2\/pages"}],"about":[{"href":"https:\/\/www.proinvestment.at\/index.php?rest_route=\/wp\/v2\/types\/page"}],"author":[{"embeddable":true,"href":"https:\/\/www.proinvestment.at\/index.php?rest_route=\/wp\/v2\/users\/1"}],"replies":[{"embeddable":true,"href":"https:\/\/www.proinvestment.at\/index.php?rest_route=%2Fwp%2Fv2%2Fcomments&post=42"}],"version-history":[{"count":22,"href":"https:\/\/www.proinvestment.at\/index.php?rest_route=\/wp\/v2\/pages\/42\/revisions"}],"predecessor-version":[{"id":526,"href":"https:\/\/www.proinvestment.at\/index.php?rest_route=\/wp\/v2\/pages\/42\/revisions\/526"}],"wp:attachment":[{"href":"https:\/\/www.proinvestment.at\/index.php?rest_route=%2Fwp%2Fv2%2Fmedia&parent=42"}],"curies":[{"name":"wp","href":"https:\/\/api.w.org\/{rel}","templated":true}]}}