{"id":40,"date":"2016-04-04T20:38:20","date_gmt":"2016-04-04T18:38:20","guid":{"rendered":"https:\/\/www.proinvestment.at\/?page_id=40"},"modified":"2026-02-04T12:23:15","modified_gmt":"2026-02-04T11:23:15","slug":"immobilien","status":"publish","type":"page","link":"https:\/\/www.proinvestment.at\/?page_id=40","title":{"rendered":"Immobilien"},"content":{"rendered":"<p>Im Bereich der Immobilienvermittlung und -finanzierung sind wir Ihr erfahrener, kompetenter Partner in der gesamten Bodenseeregion mit \u00fcber 30-j\u00e4hriger Erfahrung! Unser Portfolio reicht von Investorenobjekten und Gewerbe- sowie Produktionshallen bis hin zu privaten oder gemischt genutzten Objekten. Sie sind auf der Suche, m\u00f6chten verkaufen oder sich nur \u00fcber tats\u00e4chliche Werte informieren?<\/p>\n<p><strong>Seri\u00f6s . Optimal . Schnell . Sicher . Fair<br \/>\nWir finden den K\u00e4ufer\/Mieter Ihrer Immobilie! Kontaktieren Sie uns unter:\u00a0<a href=\"mailto:immobilien@proinvestment.at\">immobilien@proinvestment.at<\/a><\/strong><\/p>\n<p>H\u00e4ufig fehlt zur Verwirklichung eines\u00a0Traumes nur der Ansto\u00df, sei es ein geeigneter Standort, eine faszinierende Projektentwicklung oder schlicht\u00a0der\u00a0Informationsvorsprung!<\/p>\n<p><strong>Derzeit nicht das Passende dabei? Wir merken Sie gerne kostenlos und unverbindlich f\u00fcr Ihre Traum-Immobilie vor! Beschreiben Sie uns diese unter: <a href=\"mailto:wohntraum@proinvestment.at\">wohntraum@proinvestment.at<\/a><\/strong><\/p>\n<p>ProInvestment Verm\u00f6genstreuhand<br \/>\nWolfram Ruck<br \/>\n88450 Berkheim<br \/>\nregistriert im DLR \u00d6sterreich unter GZ: 2026-0.000.269<\/p>\n","protected":false},"excerpt":{"rendered":"<p>Im Bereich der Immobilienvermittlung und -finanzierung sind wir Ihr erfahrener, kompetenter Partner in der gesamten Bodenseeregion mit \u00fcber 30-j\u00e4hriger Erfahrung! Unser Portfolio reicht von Investorenobjekten und Gewerbe- sowie Produktionshallen bis hin zu privaten oder gemischt genutzten Objekten. Sie sind auf der Suche, m\u00f6chten verkaufen oder sich nur \u00fcber tats\u00e4chliche Werte informieren? Seri\u00f6s . Optimal . [&hellip;]<\/p>\n","protected":false},"author":1,"featured_media":0,"parent":0,"menu_order":0,"comment_status":"closed","ping_status":"closed","template":"","meta":{"_acf_changed":false,"footnotes":""},"class_list":["post-40","page","type-page","status-publish","hentry"],"acf":[],"_links":{"self":[{"href":"https:\/\/www.proinvestment.at\/index.php?rest_route=\/wp\/v2\/pages\/40","targetHints":{"allow":["GET"]}}],"collection":[{"href":"https:\/\/www.proinvestment.at\/index.php?rest_route=\/wp\/v2\/pages"}],"about":[{"href":"https:\/\/www.proinvestment.at\/index.php?rest_route=\/wp\/v2\/types\/page"}],"author":[{"embeddable":true,"href":"https:\/\/www.proinvestment.at\/index.php?rest_route=\/wp\/v2\/users\/1"}],"replies":[{"embeddable":true,"href":"https:\/\/www.proinvestment.at\/index.php?rest_route=%2Fwp%2Fv2%2Fcomments&post=40"}],"version-history":[{"count":41,"href":"https:\/\/www.proinvestment.at\/index.php?rest_route=\/wp\/v2\/pages\/40\/revisions"}],"predecessor-version":[{"id":694,"href":"https:\/\/www.proinvestment.at\/index.php?rest_route=\/wp\/v2\/pages\/40\/revisions\/694"}],"wp:attachment":[{"href":"https:\/\/www.proinvestment.at\/index.php?rest_route=%2Fwp%2Fv2%2Fmedia&parent=40"}],"curies":[{"name":"wp","href":"https:\/\/api.w.org\/{rel}","templated":true}]}}