{"id":37,"date":"2016-04-04T20:37:46","date_gmt":"2016-04-04T18:37:46","guid":{"rendered":"https:\/\/www.proinvestment.at\/?page_id=37"},"modified":"2016-11-10T18:33:17","modified_gmt":"2016-11-10T17:33:17","slug":"veranlagung","status":"publish","type":"page","link":"https:\/\/www.proinvestment.at\/?page_id=37","title":{"rendered":"Veranlagung"},"content":{"rendered":"<p>Unser Investment-Angebot bietet individuelle, optimale\u00a0L\u00f6sungen, ma\u00dfgeschneidert auf Ihr Budget. Dabei legen wir einen hohen Wert auf Ihre W\u00fcnsche und Ziele.<\/p>\n<p><strong>Ertragreich . Flexibel . Transparent . Kosteng\u00fcnstig<\/strong><br \/>\nWir setzen ausschlie\u00dflich auf ausgew\u00e4hlte Investments, die h\u00f6chste\u00a0Qualit\u00e4tskriterien erf\u00fcllen. Der komplexe und sich laufend \u00e4ndernde\u00a0Finanzmarkt wird streng von\u00a0unseren nationalen und internationalen Partner-Experten \u00fcberwacht. So garantieren\u00a0wir eine einzigartige Anlagestrategie, die\u00a0kontinuierlich gepr\u00fcft und\u00a0optimiert wird.<\/p>\n<p>Gerade im gegenw\u00e4rtigen Marktumfeld mit extrem niedrigen Zinsen bieten unsere Investmentl\u00f6sungen die Chance auf ein regelm\u00e4\u00dfiges, m\u00f6glichst planbares Einkommen in Form von Ertragsaussch\u00fcttungen.<\/p>\n","protected":false},"excerpt":{"rendered":"<p>Unser Investment-Angebot bietet individuelle, optimale\u00a0L\u00f6sungen, ma\u00dfgeschneidert auf Ihr Budget. Dabei legen wir einen hohen Wert auf Ihre W\u00fcnsche und Ziele. Ertragreich . Flexibel . Transparent . Kosteng\u00fcnstig Wir setzen ausschlie\u00dflich auf ausgew\u00e4hlte Investments, die h\u00f6chste\u00a0Qualit\u00e4tskriterien erf\u00fcllen. Der komplexe und sich laufend \u00e4ndernde\u00a0Finanzmarkt wird streng von\u00a0unseren nationalen und internationalen Partner-Experten \u00fcberwacht. So garantieren\u00a0wir eine einzigartige Anlagestrategie, [&hellip;]<\/p>\n","protected":false},"author":1,"featured_media":0,"parent":0,"menu_order":0,"comment_status":"closed","ping_status":"closed","template":"","meta":{"_acf_changed":false,"footnotes":""},"class_list":["post-37","page","type-page","status-publish","hentry"],"acf":[],"_links":{"self":[{"href":"https:\/\/www.proinvestment.at\/index.php?rest_route=\/wp\/v2\/pages\/37","targetHints":{"allow":["GET"]}}],"collection":[{"href":"https:\/\/www.proinvestment.at\/index.php?rest_route=\/wp\/v2\/pages"}],"about":[{"href":"https:\/\/www.proinvestment.at\/index.php?rest_route=\/wp\/v2\/types\/page"}],"author":[{"embeddable":true,"href":"https:\/\/www.proinvestment.at\/index.php?rest_route=\/wp\/v2\/users\/1"}],"replies":[{"embeddable":true,"href":"https:\/\/www.proinvestment.at\/index.php?rest_route=%2Fwp%2Fv2%2Fcomments&post=37"}],"version-history":[{"count":25,"href":"https:\/\/www.proinvestment.at\/index.php?rest_route=\/wp\/v2\/pages\/37\/revisions"}],"predecessor-version":[{"id":483,"href":"https:\/\/www.proinvestment.at\/index.php?rest_route=\/wp\/v2\/pages\/37\/revisions\/483"}],"wp:attachment":[{"href":"https:\/\/www.proinvestment.at\/index.php?rest_route=%2Fwp%2Fv2%2Fmedia&parent=37"}],"curies":[{"name":"wp","href":"https:\/\/api.w.org\/{rel}","templated":true}]}}