{"id":15,"date":"2016-03-30T19:33:41","date_gmt":"2016-03-30T17:33:41","guid":{"rendered":"https:\/\/www.proinvestment.at\/?page_id=15"},"modified":"2016-11-11T11:23:26","modified_gmt":"2016-11-11T10:23:26","slug":"ueber-uns","status":"publish","type":"page","link":"https:\/\/www.proinvestment.at\/?page_id=15","title":{"rendered":"\u00dcber uns"},"content":{"rendered":"<p><strong>Spezialgebiete<\/strong><\/p>\n<ul>\n<li style=\"text-align: left;\">Hypothekardarlehen f\u00fcr Privat, Gewerbe und Industrie<\/li>\n<li style=\"text-align: left;\">Investmentfonds, Anleihen, Aktien<\/li>\n<li style=\"text-align: left;\">Absatzfinanzierung<\/li>\n<li style=\"text-align: left;\">Projektfinanzierung<\/li>\n<li style=\"text-align: left;\">Leasing \u2013 mobil und immobil<\/li>\n<li style=\"text-align: left;\">Verm\u00f6gensverwalter bewegliches Verm\u00f6gen<\/li>\n<\/ul>\n<p>ProInvestment Verm\u00f6genstreuhand German Division:<\/p>\n<ul>\n<li style=\"text-align: left;\">Immobilientreuh\u00e4nder \u2013 Bodenseeregion<\/li>\n<li style=\"text-align: left;\">Bautr\u00e4ger \u2013 Investorenprojekte<\/li>\n<li style=\"text-align: left;\">Darlehen \u2013 Privat, Gewerbe, Industrie<\/li>\n<li style=\"text-align: left;\">Kapitalanlagen \u2013 Asset Allocation<\/li>\n<\/ul>\n","protected":false},"excerpt":{"rendered":"<p>Spezialgebiete Hypothekardarlehen f\u00fcr Privat, Gewerbe und Industrie Investmentfonds, Anleihen, Aktien Absatzfinanzierung Projektfinanzierung Leasing \u2013 mobil und immobil Verm\u00f6gensverwalter bewegliches Verm\u00f6gen ProInvestment Verm\u00f6genstreuhand German Division: Immobilientreuh\u00e4nder \u2013 Bodenseeregion Bautr\u00e4ger \u2013 Investorenprojekte Darlehen \u2013 Privat, Gewerbe, Industrie Kapitalanlagen \u2013 Asset Allocation<\/p>\n","protected":false},"author":1,"featured_media":0,"parent":0,"menu_order":0,"comment_status":"closed","ping_status":"closed","template":"","meta":{"_acf_changed":false,"footnotes":""},"class_list":["post-15","page","type-page","status-publish","hentry"],"acf":[],"_links":{"self":[{"href":"https:\/\/www.proinvestment.at\/index.php?rest_route=\/wp\/v2\/pages\/15","targetHints":{"allow":["GET"]}}],"collection":[{"href":"https:\/\/www.proinvestment.at\/index.php?rest_route=\/wp\/v2\/pages"}],"about":[{"href":"https:\/\/www.proinvestment.at\/index.php?rest_route=\/wp\/v2\/types\/page"}],"author":[{"embeddable":true,"href":"https:\/\/www.proinvestment.at\/index.php?rest_route=\/wp\/v2\/users\/1"}],"replies":[{"embeddable":true,"href":"https:\/\/www.proinvestment.at\/index.php?rest_route=%2Fwp%2Fv2%2Fcomments&post=15"}],"version-history":[{"count":12,"href":"https:\/\/www.proinvestment.at\/index.php?rest_route=\/wp\/v2\/pages\/15\/revisions"}],"predecessor-version":[{"id":487,"href":"https:\/\/www.proinvestment.at\/index.php?rest_route=\/wp\/v2\/pages\/15\/revisions\/487"}],"wp:attachment":[{"href":"https:\/\/www.proinvestment.at\/index.php?rest_route=%2Fwp%2Fv2%2Fmedia&parent=15"}],"curies":[{"name":"wp","href":"https:\/\/api.w.org\/{rel}","templated":true}]}}